 {"id":693,"date":"2020-03-15T00:50:38","date_gmt":"2020-03-15T00:50:38","guid":{"rendered":"https:\/\/gabrielpizza.com\/?page_id=693"},"modified":"2020-03-17T15:05:24","modified_gmt":"2020-03-17T15:05:24","slug":"covid-19","status":"publish","type":"page","link":"https:\/\/gabrielpizza.com\/fr\/covid-19\/","title":{"rendered":"COVID-19"},"content":{"rendered":"\n<p>Le 16 mars 2020<\/p>\n\n\n\n<p><strong>FERMETURE DU SERVICE EN SALLE JUSQU\u2019A NOUVEL ORDRE<\/strong><\/p>\n\n\n\n<p>En raison de l\u2019\u00e9volution rapide du COVID-19 (coronavirus) et des recommandations des services de sant\u00e9 d\u2019Ottawa, du gouvernement provincial et du gouvernement f\u00e9d\u00e9ral, c\u2019est avec une grande tristesse que nous annon\u00e7ons que les restaurants Gabriel Pizza ferment leurs salles de restauration sur place avec prise d\u2019effet imm\u00e9diate. <\/p>\n\n\n\n<p>Nous consid\u00e9rons que c\u2019est la responsabilit\u00e9 de notre entreprise de participer \u00e0 la distanciation sociale requise pour r\u00e9duire l\u2019impact du COVID-19. Avec ses neuf salles de restauration \u00e0 travers la r\u00e9gion servant des milliers de clients chaque semaine, il est n\u00e9cessaire, pour la s\u00e9curit\u00e9 de nos employ\u00e9s, de nos clients, et du public, que nous prenions cette mesure maintenant. <\/p>\n\n\n\n<p>Nos clients pourront toujours commander chez Gabriel Pizza en livraison \u00e0 domicile dans toutes les localit\u00e9s que nous desservons. Nous encourageons vivement nos clients \u00e0 commander et payer en ligne sur gabrielpizza.com et nous les livrerons \u00e0 la maison avec la s\u00e9curit\u00e9 et le confort d\u2019une exp\u00e9rience sans contact. <\/p>\n\n\n\n<p>Nos clients souhaitant appeler notre centrale de commande au 310-7777 peuvent continuer \u00e0 le faire pour le moment. Les commandes \u00e0 emporter sont toujours possible pour l\u2019instant. <\/p>\n\n\n\n<p>Nous avons renforc\u00e9 nos\nmesures de nettoyage d\u00e9j\u00e0 rigoureuses et mis en place des protocoles de\ns\u00e9curit\u00e9 quant \u00e0 la manipulation de la nourriture, \u00e0 la propret\u00e9 et aux\nproc\u00e9dures d\u2019aseptisation. Toute la famille Gabriel Pizza s\u2019engage \u00e0 maintenir\nses plus hauts standards de propret\u00e9 et \u00e0 apporter le plus grand soin \u00e0 votre\nnourriture. Nous restons attentifs \u00e0 la situation et prenons une part active\naux mesures pr\u00e9conis\u00e9es par les services de Sant\u00e9. Nous sommes pr\u00eats \u00e0 r\u00e9pondre\nrapidement \u00e0 tous changements que les pouvoirs publics pourraient prescrire. <\/p>\n\n\n\n<p>Prenez soin de vous et de\nvos familles pendant ces temps difficiles. <\/p>\n\n\n\n<p>Cordialement,<\/p>\n\n\n\n<p>George Hanna<br>Pr\u00e9sident<\/p>\n","protected":false},"excerpt":{"rendered":"Le 16 mars 2020 FERMETURE DU SERVICE EN SALLE JUSQU\u2019A NOUVEL ORDRE En raison de l\u2019\u00e9volution rapide du COVID-19 (coronavirus) et des recommandations des services de sant\u00e9 d\u2019Ottawa, du gouvernement provincial et du gouvernement f\u00e9d\u00e9ral, c\u2019est avec une grande tristesse que nous annon\u00e7ons que les restaurants Gabriel Pizza ferment leurs salles de restauration sur place&#8230; <a class=\"btn btn--primary\" href=\"https:\/\/gabrielpizza.com\/fr\/covid-19\/\">Read Article<\/a>","protected":false},"author":2,"featured_media":0,"parent":0,"menu_order":0,"comment_status":"closed","ping_status":"closed","template":"","meta":{"_acf_changed":false,"footnotes":""},"class_list":["post-693","page","type-page","status-publish","hentry"],"acf":[],"_links":{"self":[{"href":"https:\/\/gabrielpizza.com\/fr\/wp-json\/wp\/v2\/pages\/693","targetHints":{"allow":["GET"]}}],"collection":[{"href":"https:\/\/gabrielpizza.com\/fr\/wp-json\/wp\/v2\/pages"}],"about":[{"href":"https:\/\/gabrielpizza.com\/fr\/wp-json\/wp\/v2\/types\/page"}],"author":[{"embeddable":true,"href":"https:\/\/gabrielpizza.com\/fr\/wp-json\/wp\/v2\/users\/2"}],"replies":[{"embeddable":true,"href":"https:\/\/gabrielpizza.com\/fr\/wp-json\/wp\/v2\/comments?post=693"}],"version-history":[{"count":2,"href":"https:\/\/gabrielpizza.com\/fr\/wp-json\/wp\/v2\/pages\/693\/revisions"}],"predecessor-version":[{"id":697,"href":"https:\/\/gabrielpizza.com\/fr\/wp-json\/wp\/v2\/pages\/693\/revisions\/697"}],"wp:attachment":[{"href":"https:\/\/gabrielpizza.com\/fr\/wp-json\/wp\/v2\/media?parent=693"}],"curies":[{"name":"wp","href":"https:\/\/api.w.org\/{rel}","templated":true}]}}