 {"id":376,"date":"2016-07-11T12:17:01","date_gmt":"2016-07-11T12:17:01","guid":{"rendered":"https:\/\/gabriel.apps.speedyrails.net\/privacy-policy\/"},"modified":"2018-06-27T20:04:27","modified_gmt":"2018-06-27T20:04:27","slug":"privacy-policy","status":"publish","type":"page","link":"https:\/\/gabrielpizza.com\/fr\/privacy-policy\/","title":{"rendered":"Politique de confidentialit\u00e9"},"content":{"rendered":"<p>Veuillez lire attentivement notre politique de confidentialit\u00e9 pour bien comprendre comment nous recueillons, utilisons, prot\u00e9geons ou g\u00e9rons vos informations personnelles selon notre site web.<\/p>\n<p><strong>Quelles informations personnelles collectons-nous aupr\u00e8s des personnes qui visitent notre site web ?<\/strong><\/p>\n<p>Lors de la commande ou de l&#8217;inscription sur notre site, le cas \u00e9ch\u00e9ant, vous pouvez \u00eatre invit\u00e9 \u00e0 entrer votre nom, adresse e-mail, adresse postale, num\u00e9ro de t\u00e9l\u00e9phone ou d&#8217;autres d\u00e9tails pour vous aider avec votre exp\u00e9rience.<\/p>\n<p><strong>Quand collectons-nous des informations ?<\/strong><\/p>\n<p>Nous collectons des informations aupr\u00e8s de vous lorsque vous vous inscrivez sur notre site, passez une commande, vous abonnez \u00e0 une newsletter, remplissez un formulaire ou entrez des informations sur notre site.<\/p>\n<p><strong>Comment utilisons-nous votre information ?<\/strong><\/p>\n<p>Nous pouvons utiliser les informations que nous collectons lorsque vous vous inscrivez, effectuez un achat, vous abonnez \u00e0 notre newsletter, r\u00e9pondez \u00e0 un sondage ou \u00e0 une communication marketing, naviguez sur le site Web ou utilisez certaines autres fonctionnalit\u00e9s du site de la mani\u00e8re suivante:<\/p>\n<ul>\n<li class=\"p1\">Pour personnaliser votre exp\u00e9rience et nous permettre de proposer le type de contenu et les offres de produits qui vous int\u00e9ressent le plus.<\/li>\n<li class=\"p1\">Pour am\u00e9liorer notre site web afin de mieux vous servir.<\/li>\n<li class=\"p1\">Pour nous permettre de mieux vous servir en r\u00e9pondant \u00e0 vos demandes de service \u00e0 la client\u00e8le.<\/li>\n<li class=\"p1\">Pour traiter rapidement vos transactions.<\/li>\n<li class=\"p1\">Pour envoyer des courriels p\u00e9riodiques concernant votre commande ou d&#8217;autres produits et services.<\/li>\n<\/ul>\n<p><strong>Comment prot\u00e9geons-nous votre information ?<\/strong><\/p>\n<p>Une passerelle conforme aux normes PCI traite toutes les transactions faites par carte de cr\u00e9dit.<\/p>\n<p>Vos informations personnelles sont contenues derri\u00e8re des r\u00e9seaux s\u00e9curis\u00e9s et ne sont accessibles que par un nombre limit\u00e9 de personnes qui ont des droits d&#8217;acc\u00e8s sp\u00e9ciaux \u00e0 ces syst\u00e8mes, et sont tenus de garder les informations confidentielles. De plus, toutes les informations sensibles que vous fournissez sont crypt\u00e9es via la technologie SSL (Secure Socket Layer).<\/p>\n<p>Nous mettons en \u0153uvre une vari\u00e9t\u00e9 de mesures de s\u00e9curit\u00e9 lorsqu&#8217;un utilisateur passe une commande pour maintenir la s\u00e9curit\u00e9 de vos informations personnelles.<\/p>\n<p>Toutes les transactions sont trait\u00e9es par un fournisseur de passerelle et ne sont pas conserv\u00e9es ou trait\u00e9es sur nos serveurs.<\/p>\n<p><strong>Utilisons-nous des t\u00e9moins de connexion (cookies) ?<\/strong><\/p>\n<p>Oui. Les t\u00e9moins sont de petits fichiers qu&#8217;un site ou son fournisseur de services transf\u00e8re sur le disque dur de votre ordinateur via votre navigateur Web (si vous le permettez) qui permet aux syst\u00e8mes du site ou du fournisseur de reconna\u00eetre votre navigateur et de capturer certaines informations. Par exemple, nous utilisons les t\u00e9moins pour nous aider \u00e0 m\u00e9moriser et traiter les articles dans votre panier. Ils sont \u00e9galement utilis\u00e9s pour nous aider \u00e0 comprendre vos pr\u00e9f\u00e9rences en fonction de l&#8217;activit\u00e9 pr\u00e9c\u00e9dente ou actuelle du site, ce qui nous permet de vous fournir des services am\u00e9lior\u00e9s. Nous utilisons \u00e9galement des t\u00e9moins pour nous aider \u00e0 compiler des donn\u00e9es agr\u00e9g\u00e9es sur le trafic du site et l&#8217;interaction du site afin que nous puissions offrir de meilleures exp\u00e9riences et outils sur le site \u00e0 l&#8217;avenir.<\/p>\n<p>Nous utilisons les t\u00e9moins pour\u00a0:<\/p>\n<ul>\n<li class=\"p1\">Aider \u00e0 m\u00e9moriser et \u00e0 traiter les articles dans le panier.<\/li>\n<li class=\"p1\">Comprendre et enregistrer les pr\u00e9f\u00e9rences de l&#8217;utilisateur pour les prochaines visites.<\/li>\n<li class=\"p1\">Compiler des donn\u00e9es agr\u00e9g\u00e9es sur le trafic du site et les interactions du site afin d&#8217;offrir de meilleures exp\u00e9riences et outils sur le site \u00e0 l&#8217;avenir. Nous pouvons \u00e9galement utiliser des services tiers de confiance qui suivent ces informations en notre nom.<\/li>\n<\/ul>\n<p>Nous, ainsi que des fournisseurs tiers tels que Google, utilisons des t\u00e9moins internes (tels que les t\u00e9moins de Google Analytics) pour compiler des donn\u00e9es concernant les interactions des utilisateurs, examiner l&#8217;utilisation de ce site et pr\u00e9parer des rapports sur ses activit\u00e9s relatives \u00e0 notre site.<\/p>\n<p><strong>Si les utilisateurs d\u00e9sactivent les t\u00e9moins dans leur navigateur:<\/strong><\/p>\n<p>Si vous d\u00e9sactivez les t\u00e9moins, certaines fonctionnalit\u00e9s qui am\u00e9liorent l&#8217;efficacit\u00e9 du site risquent de ne pas fonctionner correctement.<\/p>\n<p><strong>Divulgation tierce-parti<\/strong><\/p>\n<p>Nous ne vendons, n&#8217;\u00e9changeons ni ne transf\u00e9rons d&#8217;une autre mani\u00e8re \u00e0 des tiers vos informations personnelles.<\/p>\n<p><strong>Liens avec des tiers<\/strong><\/p>\n<p>De temps en temps, \u00e0 notre discr\u00e9tion, nous pouvons inclure ou offrir des produits ou services de tiers sur notre site web. Ces sites tiers ont des politiques de confidentialit\u00e9 distinctes et ind\u00e9pendantes. Nous n&#8217;avons donc aucune responsabilit\u00e9 pour le contenu et les activit\u00e9s de ces sites li\u00e9s. N\u00e9anmoins, nous cherchons \u00e0 prot\u00e9ger l&#8217;int\u00e9grit\u00e9 de notre site et vos commentaires sur ces sites sont bienvenus.<\/p>\n<p>Si \u00e0 tout moment vous souhaitez vous d\u00e9sabonner de recevoir de futurs courriels, vous pouvez nous envoyer un courriel \u00e0 online@gabrielpizza.com<\/p>\n<p>Suivez les instructions au bas de chaque e-mail et nous vous retirerons rapidement de TOUTES les correspondances.<\/p>\n<p><strong>Nous contacter<\/strong><\/p>\n<p>Si vous avez des questions concernant cette politique de confidentialit\u00e9, vous pouvez nous contacter en utilisant les informations ci-dessous.<\/p>\n<address>Gabriel Pizza Franchise Corp<br \/>\n200-5335 Canotek Rd<br \/>\nOttawa, ON<br \/>\nCanada<br \/>\nK1J9L4<\/address>\n<p class=\"p1\">online@gabrielpizza.com<\/p>\n<p>Derni\u00e8re \u00e9dition le 2018-02-07<\/p>\n","protected":false},"excerpt":{"rendered":"Veuillez lire attentivement notre politique de confidentialit\u00e9 pour bien comprendre comment nous recueillons, utilisons, prot\u00e9geons ou g\u00e9rons vos informations personnelles selon notre site web. Quelles informations personnelles collectons-nous aupr\u00e8s des personnes qui visitent notre site web ? Lors de la commande ou de l&#8217;inscription sur notre site, le cas \u00e9ch\u00e9ant, vous pouvez \u00eatre invit\u00e9 \u00e0&#8230; <a class=\"btn btn--primary\" href=\"https:\/\/gabrielpizza.com\/fr\/privacy-policy\/\">Read Article<\/a>","protected":false},"author":1,"featured_media":0,"parent":0,"menu_order":0,"comment_status":"closed","ping_status":"closed","template":"","meta":{"_acf_changed":false,"footnotes":""},"class_list":["post-376","page","type-page","status-publish","hentry"],"acf":[],"_links":{"self":[{"href":"https:\/\/gabrielpizza.com\/fr\/wp-json\/wp\/v2\/pages\/376","targetHints":{"allow":["GET"]}}],"collection":[{"href":"https:\/\/gabrielpizza.com\/fr\/wp-json\/wp\/v2\/pages"}],"about":[{"href":"https:\/\/gabrielpizza.com\/fr\/wp-json\/wp\/v2\/types\/page"}],"author":[{"embeddable":true,"href":"https:\/\/gabrielpizza.com\/fr\/wp-json\/wp\/v2\/users\/1"}],"replies":[{"embeddable":true,"href":"https:\/\/gabrielpizza.com\/fr\/wp-json\/wp\/v2\/comments?post=376"}],"version-history":[{"count":8,"href":"https:\/\/gabrielpizza.com\/fr\/wp-json\/wp\/v2\/pages\/376\/revisions"}],"predecessor-version":[{"id":561,"href":"https:\/\/gabrielpizza.com\/fr\/wp-json\/wp\/v2\/pages\/376\/revisions\/561"}],"wp:attachment":[{"href":"https:\/\/gabrielpizza.com\/fr\/wp-json\/wp\/v2\/media?parent=376"}],"curies":[{"name":"wp","href":"https:\/\/api.w.org\/{rel}","templated":true}]}}