 {"id":373,"date":"2016-05-31T14:07:28","date_gmt":"2016-05-31T14:07:28","guid":{"rendered":"https:\/\/gabriel.apps.speedyrails.net\/community\/"},"modified":"2018-06-27T20:00:20","modified_gmt":"2018-06-27T20:00:20","slug":"community","status":"publish","type":"page","link":"https:\/\/gabrielpizza.com\/fr\/community\/","title":{"rendered":"La communaut\u00e9"},"content":{"rendered":"<p>D\u00e8s le tout d\u00e9but, Gabriel Pizza s&#8217;est engag\u00e9 \u00e0 faire partie de notre communaut\u00e9 et y contribuer. Chaque jour, nous nous effor\u00e7ons de b\u00e2tir une communaut\u00e9 plus forte en soutenant les organisations et les \u00e9v\u00e9nements des quartiers. Nous sommes fiers de notre communaut\u00e9 consciente et favorable &#8211; et comme vous, nous aspirons \u00e0 faire sourire les gens et \u00e0 faire une diff\u00e9rence dans leur vie.<\/p>\n<p>Grand ou petit, Gabriel Pizza est fier de soutenir de nombreuses initiatives dans notre communaut\u00e9:<\/p>\n<p><strong>Semaine d\u2019appr\u00e9ciation du personnel de l\u2019h\u00f4pital d\u2019Ottawa<\/strong><\/p>\n<p>Chaque ann\u00e9e au mois de juin lors de la semaine d&#8217;appr\u00e9ciation du personnel, Gabriel Pizza remercie tous les employ\u00e9s d\u00e9vou\u00e9s de chaque campus de l&#8217;h\u00f4pital d&#8217;Ottawa. Plus de 28 000 tranches de pizzas sont offertes aux 14 000 employ\u00e9s pour montrer notre reconnaissance envers leurs efforts.<\/p>\n<p><strong>Le mardi de deux dollars pour la Fondation CHEO<\/strong><\/p>\n<p>Nous montrons notre amour-pizza le premier mardi de chaque mois lorsque nous faisons un don de $2 \u00e0 l\u2019H\u00f4pital des Enfants de l\u2019Est de l\u2019Ontario pour chaque grande pizza que nous livrons \u00e0 travers de la r\u00e9gion de Gabriel Pizza.<\/p>\n<p><strong>La sc\u00e8ne musicale<\/strong><\/p>\n<p>Que ce soit le Bluesfest de RBC, City Folk, le festival de course de bateau-dragon d\u2019Ottawa, volleyball de plage HOPE ou le festival de blues Limestone City, nous aimons notre musique. Vous nous trouverez l\u00e0 ainsi qu\u2019\u00e0 d\u2019autres \u00e9v\u00e9nements musicaux dans votre r\u00e9gion.<\/p>\n<p><strong>La connexion sportive<\/strong><\/p>\n<p>Gabriel Pizza est la pizza officielle des RedBlacks d&#8217;Ottawa, de la Fury d&#8217;Ottawa, du Club de hockey des 67s d&#8217;Ottawa, des Olympiques de Gatineau, du Club de baseball Champions d&#8217;Ottawa, des Gaels de l&#8217;Universit\u00e9 Queen&#8217;s et des Gee Gees Universitaires. Nous sommes ravis d&#8217;encourager nos \u00e9quipes et leur succ\u00e8s continu.<\/p>\n<p><strong>Les c\u00e9l\u00e9brations communautaires<\/strong><\/p>\n<p>Le Relais pour la vie de la Soci\u00e9t\u00e9 canadienne du cancer, le Festival familial d&#8217;amusement de la garnison Kingston pour les Forces canadiennes, le Festival libanais d&#8217;Ottawa et les d\u00e9fil\u00e9s du P\u00e8re No\u00ebl sont quelques-uns des \u00e9v\u00e9nements que nous parrainons chaque ann\u00e9e. Gabriel Pizza a soutenu des milliers d&#8217;\u00e9v\u00e9nements et d&#8217;initiatives de collecte de fonds dans notre communaut\u00e9. Il y a trop d&#8217;organismes de bienfaisance et d&#8217;organismes sans but lucratif \u00e0 nommer, mais rassurez-vous, vous nous trouverez fi\u00e8rement en train d&#8217;appuyer les efforts et les engagements de milliers de b\u00e9n\u00e9voles qui passent leur temps \u00e0 am\u00e9liorer un peu notre monde.<\/p>\n<p>Nos magasins locaux participent \u00e9galement \u00e0 un large \u00e9ventail d&#8217;\u00e9v\u00e9nements \u00e0 but non lucratif et de bienfaisance tout au long de l&#8217;ann\u00e9e. Nous vous encourageons \u00e0 contacter Gabriel Pizza dans votre quartier. Pour vous renseigner sur les initiatives de parrainage corporatif, veuillez envoyer vos demandes d\u00e9taill\u00e9es \u00e0 notre bureau \u00e0 (ajouter un courriel ici).<\/p>\n<p>Continuons \u00e0 construire une meilleure communaut\u00e9 ensemble.<\/p>\n","protected":false},"excerpt":{"rendered":"D\u00e8s le tout d\u00e9but, Gabriel Pizza s&#8217;est engag\u00e9 \u00e0 faire partie de notre communaut\u00e9 et y contribuer. Chaque jour, nous nous effor\u00e7ons de b\u00e2tir une communaut\u00e9 plus forte en soutenant les organisations et les \u00e9v\u00e9nements des quartiers. Nous sommes fiers de notre communaut\u00e9 consciente et favorable &#8211; et comme vous, nous aspirons \u00e0 faire sourire&#8230; <a class=\"btn btn--primary\" href=\"https:\/\/gabrielpizza.com\/fr\/community\/\">Read Article<\/a>","protected":false},"author":1,"featured_media":0,"parent":0,"menu_order":0,"comment_status":"closed","ping_status":"closed","template":"","meta":{"_acf_changed":false,"footnotes":""},"class_list":["post-373","page","type-page","status-publish","hentry"],"acf":[],"_links":{"self":[{"href":"https:\/\/gabrielpizza.com\/fr\/wp-json\/wp\/v2\/pages\/373","targetHints":{"allow":["GET"]}}],"collection":[{"href":"https:\/\/gabrielpizza.com\/fr\/wp-json\/wp\/v2\/pages"}],"about":[{"href":"https:\/\/gabrielpizza.com\/fr\/wp-json\/wp\/v2\/types\/page"}],"author":[{"embeddable":true,"href":"https:\/\/gabrielpizza.com\/fr\/wp-json\/wp\/v2\/users\/1"}],"replies":[{"embeddable":true,"href":"https:\/\/gabrielpizza.com\/fr\/wp-json\/wp\/v2\/comments?post=373"}],"version-history":[{"count":7,"href":"https:\/\/gabrielpizza.com\/fr\/wp-json\/wp\/v2\/pages\/373\/revisions"}],"predecessor-version":[{"id":559,"href":"https:\/\/gabrielpizza.com\/fr\/wp-json\/wp\/v2\/pages\/373\/revisions\/559"}],"wp:attachment":[{"href":"https:\/\/gabrielpizza.com\/fr\/wp-json\/wp\/v2\/media?parent=373"}],"curies":[{"name":"wp","href":"https:\/\/api.w.org\/{rel}","templated":true}]}}