 {"id":357,"date":"2016-07-11T12:17:26","date_gmt":"2016-07-11T12:17:26","guid":{"rendered":"https:\/\/gabriel.apps.speedyrails.net\/terms-of-service\/"},"modified":"2025-01-13T16:55:04","modified_gmt":"2025-01-13T16:55:04","slug":"terms-of-service","status":"publish","type":"page","link":"https:\/\/gabrielpizza.com\/fr\/terms-of-service\/","title":{"rendered":"Conditions d&#8217;utilisation"},"content":{"rendered":"<p>Chez Gabriel Pizza, nous nous effor\u00e7ons d&#8217;offrir un excellent service et qualit\u00e9 \u00e0 chaque commande que nous recevons. Nous ne coupons pas court quand il s&#8217;agit de la qualit\u00e9 de nos produits et servons chaque client au mieux de nos capacit\u00e9s.<\/p>\n<p>Si vous souhaitez nous contacter au sujet d&#8217;une commande, veuillez contacter notre \u00e9quipe C.A.R.E en composant le: 310-7777 et en appuyant sur 5.<\/p>\n<p>Si vous souhaitez nous laisser un commentaire sur votre exp\u00e9rience, vous pouvez le faire \u00e0: online@gabrielpizza.com<\/p>\n<p><strong>Heures de livraison et de cueillette<\/strong><\/p>\n<p>Notre politique est de livrer \u00e0 nos clients un produit savoureux dans les 40 \u00e0 60 minutes suivant la commande. Le temps pour cueillir votre commande est de 20 \u00e0 30 minutes. Nous ne garantissons pas les d\u00e9lais de livraison en raison des pr\u00e9occupations de s\u00e9curit\u00e9 de nos chauffeurs et des personnes dans les communaut\u00e9s que nous desservons. Si, pour une raison nous ne sommes pas \u00e0 votre porte ou dans votre hall d&#8217;entr\u00e9e dans les d\u00e9lais de livraison indiqu\u00e9s, soyez assur\u00e9s que nous sommes en route.<\/p>\n<p>Veuillez noter que les d\u00e9lais de livraison peuvent varier pour les grosses commandes et peuvent \u00eatre affect\u00e9s par des conditions m\u00e9t\u00e9orologiques d\u00e9favorables, des probl\u00e8mes techniques ou des probl\u00e8mes li\u00e9s au restaurant, tels que des pannes de courant et des volumes de commandes.<\/p>\n<p>Les temps de cueillette peuvent varier en fonction du volume des magasins et de la taille des commandes.<\/p>\n<p><strong>Politique de satisfaction<\/strong><\/p>\n<p>Si vous n\u2019\u00eates pas satisfaits de la qualit\u00e9 de votre commande, ou il y a des articles manquants ou des articles incorrects livr\u00e9s \u00e0 votre domicile. Veuillez contacter notre \u00e9quipe C.A.R.E au: 310-7777 et en appuyant sur 5 pour r\u00e9soudre le probl\u00e8me avec votre commande.<\/p>\n<p><em>Probl\u00e8mes li\u00e9s aux\u00a0 \u00e9l\u00e9ments de menu de base tels que les pizzas, les p\u00e2tes, les sous-marins, les salades ou les sandwiches, Gabriel\u2019s se fera un plaisir de remplacer le produit.<\/em><\/p>\n<p><em>Un produit incorrect ou non satisfaisant doit \u00eatre retourn\u00e9 au chauffeur afin que nous puissions \u00e9viter les probl\u00e8mes de s\u00e9curit\u00e9 alimentaire et v\u00e9rifier que tous les probl\u00e8mes et toutes les r\u00e9clamations sont vrais et valides.<\/em><\/p>\n<p><em>Probl\u00e8mes li\u00e9s aux aliments suppl\u00e9mentaires, comme les trempettes, les boissons ou les amuse-gueules &#8211; un cr\u00e9dit sera accord\u00e9 pour la valeur du produit sur une commande future.<\/em><\/p>\n<p>Gabriel Pizza se r\u00e9serve le droit de d\u00e9terminer la validit\u00e9 de toutes les r\u00e9clamations faites en ce qui concerne la satisfaction de la commande et l&#8217;exactitude des commandes. Pour \u00e9viter les abus des directives de service \u00e0 la client\u00e8le, nous demandons que les probl\u00e8mes et les plaintes soient re\u00e7us dans les 24 heures suivant le placement de la commande afin que nous puissions \u00e9valuer et corriger les probl\u00e8mes avec pr\u00e9cision.<\/p>\n<p><strong>Cr\u00e9dits<\/strong><\/p>\n<p class=\"p3\">Les cr\u00e9dits peuvent \u00eatre r\u00e9clam\u00e9s sur de prochaines commandes dans n&#8217;importe quel magasin Gabriel Pizza. Les cr\u00e9dits ne peuvent pas \u00eatre utilis\u00e9s sur l&#8217;ordre d\u2019o\u00f9 l&#8217;\u00e9mission de cr\u00e9dit provient. Les cr\u00e9dits ne peuvent \u00eatre convertis en esp\u00e8ces. Tous les cr\u00e9dits sont sensibles au temps et doivent \u00eatre utilis\u00e9s dans les 365 jours suivant la date d&#8217;\u00e9mission ou les cr\u00e9dits\u00a0deviendront invalides. Le cr\u00e9dit de magasin expir\u00e9 ne sera pas r\u00e9\u00e9mis pour une compensation suppl\u00e9mentaire.<\/p>\n<p><strong>Frais de livraison<\/strong><\/p>\n<p>Les \u00e9tablissements de livraison Gabriel Pizza facturent $3.99 pour les commandes de livraison. S&#8217;il vous pla\u00eet noter que les frais de livraison ne sont pas pay\u00e9s aux chauffeurs et ne sont pas consid\u00e9r\u00e9s comme un pourboire. Les frais de livraison nous aident \u00e0 continuer d&#8217;embaucher des candidats de qualit\u00e9 locaux gr\u00e2ce \u00e0 une structure salariale comp\u00e9titive et \u00e0 compenser pour les co\u00fbts croissants des ingr\u00e9dients, de la main-d&#8217;\u0153uvre et de l&#8217;\u00e9nergie.<\/p>\n<p><strong>Centre d\u2019appels<\/strong><\/p>\n<p>Afin de fournir le meilleur service \u00e0 la client\u00e8le possible, Gabriel Pizza a cr\u00e9\u00e9 le bureau de commande Gabriel Pizza en 2008. Le bureau des commandes est une installation locale qui a cr\u00e9\u00e9 plus de 80 nouveaux emplois \u00e0 Ottawa et \u00e0 Gatineau au cours des deux derni\u00e8res ann\u00e9es. En plus de nouveaux emplois, Gabriel Pizza a \u00e9t\u00e9 en mesure d&#8217;offrir un service continu dans les deux langues officielles. Nous sommes convaincus que vous trouverez notre bureau de commande efficace et sans tracas. L&#8217;\u00e9quipe t\u00e9l\u00e9phonique de Gabriel est amicale, bien inform\u00e9e et vous offrira toujours la meilleure affaire possible.<\/p>\n<p>Si vous souhaitez nous laisser un commentaire sur votre exp\u00e9rience, vous pouvez le faire \u00e0: online@gabrielpizza.com<\/p>\n<p><strong>Sans gluten<\/strong><\/p>\n<p>Gabriel Pizza est fier d&#8217;offrir \u00e0 ses clients une option de cro\u00fbte \u00e0 pizza sans gluten. Bien que nous sommes heureux d&#8217;offrir cette option, nous aimerions informer nos clients que nous ne sommes pas une installation sans gluten et ne pouvons pas garantir que nos magasins sont 100% sans contamination crois\u00e9e. Notre produit de pizza sans gluten doit \u00eatre pr\u00e9par\u00e9 s\u00e9par\u00e9ment de tous les autres produits, sur une surface fra\u00eechement d\u00e9sinfect\u00e9e avec des plateaux \u00e0 pizza, des couteaux et des outils de pr\u00e9paration sp\u00e9cialement pr\u00e9par\u00e9s pour celui-ci. Les outils et plateaux utilis\u00e9s pour la pr\u00e9paration sont stock\u00e9s dans un contenant herm\u00e9tique avant et apr\u00e8s chaque commande. Chaque magasin a re\u00e7u des directives sanitaires et des trousses d&#8217;information sur la manipulation appropri\u00e9e des produits contenant du gluten, ainsi qu&#8217;une trousse d&#8217;information sur la maladie c\u0153liaque.<\/p>\n<p>ALLERG\u00c8NES: Contient du soja et du ma\u00efs. La cro\u00fbte sans gluten est pr\u00e9par\u00e9e dans une usine qui utilise du lait et des \u0153ufs.<\/p>\n<p>INGREDIENTS: Corn starch, Rice flour, Potato starch, Dextrose, Psyllium, Fructose, Hydroxypropyl methylcellulose, Inulin, Sorbitol, Water, Yeast, Extra virgin olive oil, Brown cane sugar, Sea salt<\/p>\n<p><strong>Menu &amp; prix<\/strong><\/p>\n<p>Veuillez noter que tous les prix des menus sont sujets \u00e0 changement sans pr\u00e9avis. Gabriel Pizza se r\u00e9serve le droit d&#8217;augmenter ou de diminuer les prix en fonction de l&#8217;\u00e9volution des influences du march\u00e9 telles que la nourriture, la fabrication, le transport, le carburant et les co\u00fbts de main-d&#8217;\u0153uvre. Pour les prix et les promotions les plus r\u00e9centes, veuillez vous r\u00e9f\u00e9rer \u00e0 notre menu en ligne.<\/p>\n<p><strong>Coupons et offres sp\u00e9ciales<\/strong><\/p>\n<p>Offre de livre de divertissement de $5: La carte de $5 et le coupon dans le livre de divertissement 2010\/2011\/2012 sont valides pour une r\u00e9clamation aux restaurants familiales Gabriel\u2019s (Sur place seulement). Cette offre n&#8217;est pas valide pour les commandes de cueillette, de livraison ou \u00e0 emporter.<\/p>\n<p>Les offres de coupons ne peuvent \u00eatre combin\u00e9es. Les offres de coupons sont valides uniquement pour les \u00e9l\u00e9ments de menu \u00e0 prix r\u00e9gulier.<\/p>\n<p><strong>Contactez-nous<\/strong><\/p>\n<p>Si vous avez des questions concernant les conditions d&#8217;utilisation, vous pouvez nous contacter en utilisant les informations ci-dessous.<\/p>\n<address>Gabriel Pizza Franchise Corp<br \/>\n200-5335 Canotek Rd<br \/>\nOttawa, ON<br \/>\nCanada<br \/>\nK1J9L4<\/address>\n<p class=\"p1\">online@gabrielpizza.com<\/p>\n<p>Derni\u00e8re \u00e9dition le 2018-02-07<\/p>\n","protected":false},"excerpt":{"rendered":"Chez Gabriel Pizza, nous nous effor\u00e7ons d&#8217;offrir un excellent service et qualit\u00e9 \u00e0 chaque commande que nous recevons. Nous ne coupons pas court quand il s&#8217;agit de la qualit\u00e9 de nos produits et servons chaque client au mieux de nos capacit\u00e9s. Si vous souhaitez nous contacter au sujet d&#8217;une commande, veuillez contacter notre \u00e9quipe C.A.R.E&#8230; <a class=\"btn btn--primary\" href=\"https:\/\/gabrielpizza.com\/fr\/terms-of-service\/\">Read Article<\/a>","protected":false},"author":1,"featured_media":0,"parent":0,"menu_order":0,"comment_status":"closed","ping_status":"closed","template":"","meta":{"_acf_changed":false,"footnotes":""},"class_list":["post-357","page","type-page","status-publish","hentry"],"acf":[],"_links":{"self":[{"href":"https:\/\/gabrielpizza.com\/fr\/wp-json\/wp\/v2\/pages\/357","targetHints":{"allow":["GET"]}}],"collection":[{"href":"https:\/\/gabrielpizza.com\/fr\/wp-json\/wp\/v2\/pages"}],"about":[{"href":"https:\/\/gabrielpizza.com\/fr\/wp-json\/wp\/v2\/types\/page"}],"author":[{"embeddable":true,"href":"https:\/\/gabrielpizza.com\/fr\/wp-json\/wp\/v2\/users\/1"}],"replies":[{"embeddable":true,"href":"https:\/\/gabrielpizza.com\/fr\/wp-json\/wp\/v2\/comments?post=357"}],"version-history":[{"count":10,"href":"https:\/\/gabrielpizza.com\/fr\/wp-json\/wp\/v2\/pages\/357\/revisions"}],"predecessor-version":[{"id":865,"href":"https:\/\/gabrielpizza.com\/fr\/wp-json\/wp\/v2\/pages\/357\/revisions\/865"}],"wp:attachment":[{"href":"https:\/\/gabrielpizza.com\/fr\/wp-json\/wp\/v2\/media?parent=357"}],"curies":[{"name":"wp","href":"https:\/\/api.w.org\/{rel}","templated":true}]}}