 {"id":152,"date":"2016-05-31T14:07:00","date_gmt":"2016-05-31T14:07:00","guid":{"rendered":"https:\/\/gabriel.apps.speedyrails.net\/fr\/about\/"},"modified":"2018-06-27T19:50:42","modified_gmt":"2018-06-27T19:50:42","slug":"about","status":"publish","type":"page","link":"https:\/\/gabrielpizza.com\/fr\/about\/","title":{"rendered":"L&#8217;histoire"},"content":{"rendered":"<p>Fondateur et directeur g\u00e9n\u00e9ral Michael Hanna, est immigr\u00e9 du Liban en 1968. Son Anglais \u00e9tait limit\u00e9 et il avait peu d\u2019argent, mais Mike fut d\u00e9termin\u00e9 de faire d\u2019Ottawa sa nouvelle r\u00e9sidence. \u00c0 l\u2019int\u00e9rieur de quelques ann\u00e9es, il a am\u00e9lior\u00e9 son Anglais tout en maitrisant ses comp\u00e9tences en services hospitaliers et alimentaires en rendant service aux Premiers Ministres, mondains et c\u00e9l\u00e9brit\u00e9s. En milieu des ann\u00e9es 1970, Mike a mis assez d\u2019argent de c\u00f4t\u00e9 afin de faire venir \u00e0 Ottawa ses parents George et Shafika, ainsi que ses cinq fr\u00e8res, George, John, Nick, Eli et Joe.<\/p>\n<p>Le 28 f\u00e9vrier 1977, la famille Hanna ont ouvert les portes du premier Gabriel Pizza sur le Boulevard St Joseph \u00e0 Orl\u00e9ans en Ontario. Ce n\u2019\u00e9tait certainement pas facile, mais avec de la d\u00e9termination, du travail dur, un r\u00e9pertoire de bonne recettes et ses cinq fr\u00e8res faisant les livraisons \u2013 Gabriel Pizza commen\u00e7a \u00e0 devenir un nom reconnu.<\/p>\n<p>En 1985, le deuxi\u00e8me emplacement fut ouvert \u00e0 Orl\u00e9ans. Sur sept courtes ann\u00e9es, Gabriel Pizza s\u2019agrandit \u00e0 quatre emplacements et l\u2019original fut aussi d\u00e9velopp\u00e9 en un restaurant familial. Il n\u2019a pas pris longtemps pour que leur d\u00e9jeuner d\u00e9licieux devienne immens\u00e9ment admir\u00e9 et cela r\u00e9sulta \u00e0 l\u2019ouverture de leur deuxi\u00e8me restaurant au quartier est d\u2019Ottawa. Gabriel Pizza devenait plus populaire et de plus en plus en demande.<\/p>\n<p>T\u00f4t en 2001, Gabriel Pizza s\u2019est \u00e9tendu \u00e0 Kanata avec l\u2019aide de fils ain\u00e9 de Mike, George et un ami proche de la famille, Zeyad Ayoub. Ceci marque le d\u00e9but de la deuxi\u00e8me g\u00e9n\u00e9ration des Hanna \u00e0 prendre part dans l\u2019entreprise familial ainsi que la premi\u00e8re franchise de Gabriel Pizza. Deux ans plus tard, un deuxi\u00e8me emplacement fut ouvert dans la communaut\u00e9 de Kanata.<\/p>\n<p>En 2003, George Hanna fut appoint\u00e9 Pr\u00e9sident et Directeur G\u00e9n\u00e9ral de la soci\u00e9t\u00e9 de Franchises Gabriel Pizza. George a rapidement d\u00e9velopp\u00e9 son \u00e9quipe d\u2019op\u00e9rations et de marketing afin de rencontrer les besoins de la franchise en croissance rapide. \u00c0 l\u2019int\u00e9rieur de cinq ans, et grace aux efforts de George et son \u00e9quipe, la franchise a grandi \u00e0 vingt-trois emplacements \u00e0 travers de la r\u00e9gion de la capitale nationale.<\/p>\n<p>Par 2008, la demande pour Gabriel Pizza fut tellement grande qu\u2019un bureau corporatif et un centre d\u2019appel ont \u00e9t\u00e9 \u00e9tablis pour accommoder la demande croissante et l\u2019int\u00e9r\u00eat publique aux opportunit\u00e9s de franchise. Au cours des ann\u00e9es, Gabriel Pizza et la famille Hanna ont \u00e9t\u00e9 reconnus pour leur produits prim\u00e9s ainsi que leur implication forte dans la communaut\u00e9.<\/p>\n<p>Aujourd\u2019hui, Gabriel Pizza sp\u00e9cialise en pizza et mets italiens ainsi que la livraison avec ses emplacements franchis\u00e9s \u00e0 travers l\u2019est de l\u2019Ontario et l\u2019ouest du Qu\u00e9bec. Gabriel Pizza est passionn\u00e9 de fournir l\u2019exp\u00e9rience ultime pour nos clients ainsi que l\u2019innovation de nouveaux produits et services. Grace au support de nos clients fantastiques et loyaux, Gabriel Pizza continu \u00e0 grandir. Nous avons h\u00e2te de vous servir avec nos excellents produits et services pour des ann\u00e9es \u00e0 venir.<\/p>\n","protected":false},"excerpt":{"rendered":"Fondateur et directeur g\u00e9n\u00e9ral Michael Hanna, est immigr\u00e9 du Liban en 1968. Son Anglais \u00e9tait limit\u00e9 et il avait peu d\u2019argent, mais Mike fut d\u00e9termin\u00e9 de faire d\u2019Ottawa sa nouvelle r\u00e9sidence. \u00c0 l\u2019int\u00e9rieur de quelques ann\u00e9es, il a am\u00e9lior\u00e9 son Anglais tout en maitrisant ses comp\u00e9tences en services hospitaliers et alimentaires en rendant service aux&#8230; <a class=\"btn btn--primary\" href=\"https:\/\/gabrielpizza.com\/fr\/about\/\">Read Article<\/a>","protected":false},"author":1,"featured_media":0,"parent":0,"menu_order":0,"comment_status":"closed","ping_status":"closed","template":"","meta":{"_acf_changed":false,"footnotes":""},"class_list":["post-152","page","type-page","status-publish","hentry"],"acf":[],"_links":{"self":[{"href":"https:\/\/gabrielpizza.com\/fr\/wp-json\/wp\/v2\/pages\/152","targetHints":{"allow":["GET"]}}],"collection":[{"href":"https:\/\/gabrielpizza.com\/fr\/wp-json\/wp\/v2\/pages"}],"about":[{"href":"https:\/\/gabrielpizza.com\/fr\/wp-json\/wp\/v2\/types\/page"}],"author":[{"embeddable":true,"href":"https:\/\/gabrielpizza.com\/fr\/wp-json\/wp\/v2\/users\/1"}],"replies":[{"embeddable":true,"href":"https:\/\/gabrielpizza.com\/fr\/wp-json\/wp\/v2\/comments?post=152"}],"version-history":[{"count":5,"href":"https:\/\/gabrielpizza.com\/fr\/wp-json\/wp\/v2\/pages\/152\/revisions"}],"predecessor-version":[{"id":555,"href":"https:\/\/gabrielpizza.com\/fr\/wp-json\/wp\/v2\/pages\/152\/revisions\/555"}],"wp:attachment":[{"href":"https:\/\/gabrielpizza.com\/fr\/wp-json\/wp\/v2\/media?parent=152"}],"curies":[{"name":"wp","href":"https:\/\/api.w.org\/{rel}","templated":true}]}}